{"id":1645,"date":"2024-05-17T11:27:58","date_gmt":"2024-05-17T11:27:58","guid":{"rendered":"https:\/\/bakfickanumea.se\/?page_id=1645"},"modified":"2024-05-21T18:54:39","modified_gmt":"2024-05-21T18:54:39","slug":"kamratstod","status":"publish","type":"page","link":"https:\/\/bakfickanumea.se\/?page_id=1645","title":{"rendered":"Kamratst\u00f6d"},"content":{"rendered":"<div data-colibri-id=\"1645-c1\" class=\"style-678 style-local-1645-c1 position-relative\">\n  <!---->\n  <div data-colibri-component=\"section\" data-colibri-id=\"1645-c2\" id=\"about\" class=\"h-section h-section-global-spacing d-flex align-items-lg-center align-items-md-center align-items-center style-683 style-local-1645-c2 position-relative\">\n    <!---->\n    <!---->\n    <div class=\"h-section-grid-container h-section-boxed-container\">\n      <!---->\n      <div data-colibri-id=\"1645-c3\" class=\"h-row-container gutters-row-lg-0 gutters-row-md-0 gutters-row-0 gutters-row-v-lg-0 gutters-row-v-md-0 gutters-row-v-0 style-684 style-local-1645-c3 position-relative\">\n        <!---->\n        <div class=\"h-row justify-content-lg-center justify-content-md-center justify-content-center align-items-lg-stretch align-items-md-stretch align-items-stretch gutters-col-lg-0 gutters-col-md-0 gutters-col-0 gutters-col-v-lg-0 gutters-col-v-md-0 gutters-col-v-0\">\n          <!---->\n          <div class=\"h-column h-column-container d-flex h-col-lg-auto h-col-md-auto h-col-auto style-685-outer style-local-1645-c4-outer\">\n            <div data-colibri-id=\"1645-c4\" class=\"d-flex h-flex-basis h-column__inner h-px-lg-0 h-px-md-0 h-px-0 v-inner-lg-0 v-inner-md-0 v-inner-0 style-685 style-local-1645-c4 position-relative\">\n              <!---->\n              <!---->\n              <div class=\"w-100 h-y-container h-column__content h-column__v-align flex-basis-100 align-self-lg-start align-self-md-start align-self-start\">\n                <!---->\n                <div data-colibri-id=\"1645-c5\" class=\"h-global-transition-all h-heading style-687 style-local-1645-c5 position-relative h-element\">\n                  <!---->\n                  <div class=\"h-heading__outer style-687 style-local-1645-c5\">\n                    <!---->\n                    <!---->\n                    <h2 class=\"\">Kamratst\u00f6d<\/h2>\n                  <\/div>\n                <\/div>\n                <div data-colibri-id=\"1645-c6\" class=\"h-text h-text-component style-688 style-local-1645-c6 position-relative h-element\">\n                  <!---->\n                  <!---->\n                  <div class=\"\">\n                    <p>IOGT-NTO bedriver kamratst\u00f6d runt om i Sverige som i f\u00f6rsta hand utg\u00f6r en gemenskap f\u00f6r de som har erfarenhet av eget eller andras beroende av alkohol eller andra droger. P\u00e5 detta s\u00e4tt blir organisationen mycket b\u00e4ttre p\u00e5 att anv\u00e4nda\n                      de personliga erfarenheter och styrkor som finns hos medlemmarna och kan enkelt och tydligt lyfta upp de samh\u00e4llsproblem som beroendet skapar.&nbsp;IOGT-NTO:s kamratst\u00f6ds- grupper v\u00e4nder sig till missbrukare&nbsp;och anh\u00f6riga.<\/p>\n                    <p>Oftast har de&nbsp;personer&nbsp;som driver&nbsp;kamratst\u00f6d&nbsp;en egen&nbsp;bakgrund som missbrukare&nbsp;&nbsp;eller&nbsp;som&nbsp;anh\u00f6rig.&nbsp;H\u00e4r finns nya sociala n\u00e4tverk, m\u00f6tesplatser, roliga aktiviteter och m\u00f6jlighet att tr\u00e4ffa\n                      andra med liknande erfarenheter.&nbsp;<\/p>\n                    <p>Kamratst\u00f6det \u00e4r en plats d\u00e4r alla som vill kan m\u00f6tas i en drogfri milj\u00f6. Kamratst\u00f6dsgruppens grund&nbsp;\u00e4r att relationen mellan m\u00e4nniskor \u00e4r byggd p\u00e5 \u00f6msesidighet och respekt. Verksamheten bygger p\u00e5 hj\u00e4lp till sj\u00e4lvhj\u00e4lp och tar tillvara\n                      den kraft som organisationen och varje individ besitter. Gemenskap och trygghet \u00e4r grundorden.<\/p>\n                  <\/div>\n                <\/div>\n              <\/div>\n            <\/div>\n          <\/div>\n          <div class=\"h-column h-column-container d-flex h-col-lg-auto h-col-md-auto h-col-auto style-689-outer style-local-1645-c7-outer\">\n            <div data-colibri-id=\"1645-c7\" class=\"d-flex h-flex-basis h-column__inner h-ui-empty-state-container h-px-lg-2 h-px-md-2 h-px-2 v-inner-lg-2 v-inner-md-2 v-inner-2 style-689 style-local-1645-c7 position-relative\">\n              <!---->\n              <!---->\n              <div class=\"w-100 h-y-container h-column__content h-column__v-align flex-basis-100\">\n                <!---->\n              <\/div>\n            <\/div>\n          <\/div>\n        <\/div>\n      <\/div>\n    <\/div>\n  <\/div>\n<\/div>","protected":false},"excerpt":{"rendered":"<p>Kamratst\u00f6d IOGT-NTO bedriver kamratst\u00f6d runt om i Sverige som i f\u00f6rsta hand utg\u00f6r en gemenskap f\u00f6r de som har erfarenhet av eget eller andras beroende av alkohol eller andra droger. P\u00e5 detta s\u00e4tt blir organisationen mycket b\u00e4ttre p\u00e5 att anv\u00e4nda de personliga erfarenheter och styrkor som finns hos medlemmarna och kan enkelt och tydligt lyfta [&hellip;]<\/p>\n","protected":false},"author":10,"featured_media":0,"parent":0,"menu_order":0,"comment_status":"closed","ping_status":"closed","template":"page-templates\/full-width-page.php","meta":{"footnotes":""},"class_list":["post-1645","page","type-page","status-publish","hentry"],"_links":{"self":[{"href":"https:\/\/bakfickanumea.se\/index.php?rest_route=\/wp\/v2\/pages\/1645","targetHints":{"allow":["GET"]}}],"collection":[{"href":"https:\/\/bakfickanumea.se\/index.php?rest_route=\/wp\/v2\/pages"}],"about":[{"href":"https:\/\/bakfickanumea.se\/index.php?rest_route=\/wp\/v2\/types\/page"}],"author":[{"embeddable":true,"href":"https:\/\/bakfickanumea.se\/index.php?rest_route=\/wp\/v2\/users\/10"}],"replies":[{"embeddable":true,"href":"https:\/\/bakfickanumea.se\/index.php?rest_route=%2Fwp%2Fv2%2Fcomments&post=1645"}],"version-history":[{"count":9,"href":"https:\/\/bakfickanumea.se\/index.php?rest_route=\/wp\/v2\/pages\/1645\/revisions"}],"predecessor-version":[{"id":3244,"href":"https:\/\/bakfickanumea.se\/index.php?rest_route=\/wp\/v2\/pages\/1645\/revisions\/3244"}],"wp:attachment":[{"href":"https:\/\/bakfickanumea.se\/index.php?rest_route=%2Fwp%2Fv2%2Fmedia&parent=1645"}],"curies":[{"name":"wp","href":"https:\/\/api.w.org\/{rel}","templated":true}]}}