{"id":1668,"date":"2024-05-17T11:44:45","date_gmt":"2024-05-17T11:44:45","guid":{"rendered":"https:\/\/bakfickanumea.se\/?page_id=1668"},"modified":"2025-10-08T08:36:25","modified_gmt":"2025-10-08T08:36:25","slug":"om-oss","status":"publish","type":"page","link":"https:\/\/bakfickanumea.se\/?page_id=1668","title":{"rendered":"Om oss"},"content":{"rendered":"<div data-colibri-id=\"1668-c1\" class=\"style-611 style-local-1668-c1 position-relative\">\r\n  <!---->\r\n  <div data-colibri-component=\"section\" data-colibri-id=\"1668-c2\" id=\"about\" class=\"h-section h-section-global-spacing d-flex align-items-lg-center align-items-md-center align-items-center style-616 style-local-1668-c2 position-relative\">\r\n    <!---->\r\n    <!---->\r\n    <div class=\"h-section-grid-container h-section-boxed-container\">\r\n      <!---->\r\n      <div data-colibri-id=\"1668-c3\" class=\"h-row-container gutters-row-lg-0 gutters-row-md-0 gutters-row-0 gutters-row-v-lg-0 gutters-row-v-md-0 gutters-row-v-0 style-617 style-local-1668-c3 position-relative\">\r\n        <!---->\r\n        <div class=\"h-row justify-content-lg-center justify-content-md-center justify-content-center align-items-lg-stretch align-items-md-stretch align-items-stretch gutters-col-lg-0 gutters-col-md-0 gutters-col-0 gutters-col-v-lg-0 gutters-col-v-md-0 gutters-col-v-0\">\r\n          <!---->\r\n          <div class=\"h-column h-column-container d-flex h-col-lg-auto h-col-md-auto h-col-auto style-618-outer style-local-1668-c4-outer\">\r\n            <div data-colibri-id=\"1668-c4\" class=\"d-flex h-flex-basis h-column__inner h-px-lg-0 h-px-md-0 h-px-0 v-inner-lg-0 v-inner-md-0 v-inner-0 style-618 style-local-1668-c4 position-relative\">\r\n              <!---->\r\n              <!---->\r\n              <div class=\"w-100 h-y-container h-column__content h-column__v-align flex-basis-100 align-self-lg-start align-self-md-start align-self-start\">\r\n                <!---->\r\n                <div data-colibri-id=\"1668-c5\" class=\"h-global-transition-all h-heading style-623 style-local-1668-c5 position-relative h-element\">\r\n                  <!---->\r\n                  <div class=\"h-heading__outer style-623 style-local-1668-c5\">\r\n                    <!---->\r\n                    <!---->\r\n                    <h2 class=\"\">Om oss<\/h2>\r\n                  <\/div>\r\n                <\/div>\r\n                <div data-colibri-id=\"1668-c6\" class=\"h-text h-text-component style-621 style-local-1668-c6 position-relative h-element\">\r\n                  <!---->\r\n                  <!---->\r\n                  <div class=\"\">\r\n                    <p>F\u00f6reningen IOGT-NTO Medm\u00e4nniska startade sin verksamhet Bakfickan 2005 i en lokal i det anrika Ordenhusets g\u00e5rdshus som en del av IOGT-NTO:s kamratst\u00f6dsverksamhet.<\/p>\r\n                    <p>Syftet var och \u00e4r \u00e4n idag att vara en viktig och engagerad organisation som arbetar f\u00f6r att st\u00f6dja socialt utsatta m\u00e4nniskor. Genom att erbjuda mat, gemenskap och olika aktiviteter skapar Bakfickan en trygg och v\u00e4lkomnande milj\u00f6 f\u00f6r\r\n                      dem som beh\u00f6ver det mest. Att verksamheten utvecklats till en samlingsplats f\u00f6r Ume\u00e5s mest utsatta, inklusive de med missbruksproblem och de med ekonomiska sv\u00e5righeter, visar p\u00e5 det breda spektrum av st\u00f6d som Bakfickan erbjuder.\r\n                      Att erbjuda mer \u00e4n bara mat och prat, s\u00e5som studiecirklar i olika \u00e4mnen, ger bes\u00f6karna m\u00f6jlighet att l\u00e4ra sig och utvecklas.&nbsp;<\/p>\r\n                    <p>Det \u00e4r ocks\u00e5 positivt att notera samarbetet med olika akt\u00f6rer i samh\u00e4llet. Genom att samverka med andra organisationer och f\u00f6retag kan Bakfickan dra nytta av olika resurser och skapa en mer h\u00e5llbar och omfattande verksamhet.&nbsp;<\/p>\r\n                    <p>Att driva verksamheten med, till st\u00f6rsta delen, ideella krafter och finansiera den genom st\u00f6d fr\u00e5n f\u00f6retag och privatpersoner \u00e4r en stark insats. Det visar p\u00e5 ett starkt engagemang och en \u00f6nskan att direkt st\u00f6dja dem som beh\u00f6ver det\r\n                      mest.&nbsp;<\/p>\r\n                    <p>Sammanfattningsvis g\u00f6r Bakfickan en betydelsefull insats f\u00f6r att skapa en positiv inverkan p\u00e5 m\u00e4nniskors liv och samh\u00e4llet som helhet.&nbsp;<\/p>\r\n                    <p> <\/p>\r\n                    <p>Vi utg\u00e5r fr\u00e5n de teoretiska grunderna i KASAM, det vill s\u00e4ga det\r\n                      <a href=\"https:\/\/bakfickanumea.se?page_id=1689\" draggable=\"false\">salutogena f\u00f6rh\u00e5llnings- och arbetss\u00e4ttet.&nbsp;<\/a>\r\n                    <\/p>\r\n                  <\/div>\r\n                <\/div>\r\n              <\/div>\r\n            <\/div>\r\n          <\/div>\r\n          <div class=\"h-column h-column-container d-flex h-col-lg-auto h-col-md-auto h-col-auto style-622-outer style-local-1668-c7-outer\">\r\n            <div data-colibri-id=\"1668-c7\" class=\"d-flex h-flex-basis h-column__inner h-ui-empty-state-container h-px-lg-2 h-px-md-2 h-px-2 v-inner-lg-2 v-inner-md-2 v-inner-2 style-622 style-local-1668-c7 position-relative\">\r\n              <!---->\r\n              <!---->\r\n              <div class=\"w-100 h-y-container h-column__content h-column__v-align flex-basis-100\">\r\n                <!---->\r\n              <\/div>\r\n            <\/div>\r\n          <\/div>\r\n        <\/div>\r\n      <\/div>\r\n    <\/div>\r\n  <\/div>\r\n<\/div>","protected":false},"excerpt":{"rendered":"<p>Om oss F\u00f6reningen IOGT-NTO Medm\u00e4nniska startade sin verksamhet Bakfickan 2005 i en lokal i det anrika Ordenhusets g\u00e5rdshus som en del av IOGT-NTO:s kamratst\u00f6dsverksamhet. Syftet var och \u00e4r \u00e4n idag att vara en viktig och engagerad organisation som arbetar f\u00f6r att st\u00f6dja socialt utsatta m\u00e4nniskor. Genom att erbjuda mat, gemenskap och olika aktiviteter skapar Bakfickan [&hellip;]<\/p>\n","protected":false},"author":10,"featured_media":0,"parent":0,"menu_order":0,"comment_status":"closed","ping_status":"closed","template":"page-templates\/full-width-page.php","meta":{"footnotes":""},"class_list":["post-1668","page","type-page","status-publish","hentry"],"_links":{"self":[{"href":"https:\/\/bakfickanumea.se\/index.php?rest_route=\/wp\/v2\/pages\/1668","targetHints":{"allow":["GET"]}}],"collection":[{"href":"https:\/\/bakfickanumea.se\/index.php?rest_route=\/wp\/v2\/pages"}],"about":[{"href":"https:\/\/bakfickanumea.se\/index.php?rest_route=\/wp\/v2\/types\/page"}],"author":[{"embeddable":true,"href":"https:\/\/bakfickanumea.se\/index.php?rest_route=\/wp\/v2\/users\/10"}],"replies":[{"embeddable":true,"href":"https:\/\/bakfickanumea.se\/index.php?rest_route=%2Fwp%2Fv2%2Fcomments&post=1668"}],"version-history":[{"count":11,"href":"https:\/\/bakfickanumea.se\/index.php?rest_route=\/wp\/v2\/pages\/1668\/revisions"}],"predecessor-version":[{"id":2821,"href":"https:\/\/bakfickanumea.se\/index.php?rest_route=\/wp\/v2\/pages\/1668\/revisions\/2821"}],"wp:attachment":[{"href":"https:\/\/bakfickanumea.se\/index.php?rest_route=%2Fwp%2Fv2%2Fmedia&parent=1668"}],"curies":[{"name":"wp","href":"https:\/\/api.w.org\/{rel}","templated":true}]}}