{"id":2100,"date":"2024-05-19T00:15:43","date_gmt":"2024-05-19T00:15:43","guid":{"rendered":"https:\/\/bakfickanumea.se\/?page_id=2100"},"modified":"2025-10-13T09:22:54","modified_gmt":"2025-10-13T09:22:54","slug":"vi-som-jobbar","status":"publish","type":"page","link":"https:\/\/bakfickanumea.se\/?page_id=2100","title":{"rendered":"Vi som jobbar"},"content":{"rendered":"<div data-colibri-id=\"2100-c1\" class=\"style-557 style-local-2100-c1 position-relative\">\n  <!---->\n  <div data-colibri-component=\"section\" data-colibri-id=\"2100-c2\" id=\"team\" class=\"h-section h-section-global-spacing d-flex align-items-lg-center align-items-md-center align-items-center style-558 style-local-2100-c2 position-relative\">\n    <!---->\n    <!---->\n    <div class=\"h-section-grid-container h-section-boxed-container\">\n      <!---->\n      <div data-colibri-id=\"2100-c3\" class=\"h-row-container gutters-row-lg-1 gutters-row-md-1 gutters-row-2 gutters-row-v-lg-1 gutters-row-v-md-1 gutters-row-v-1 style-559 style-local-2100-c3 position-relative\">\n        <!---->\n        <div class=\"h-row justify-content-lg-center justify-content-md-center justify-content-center align-items-lg-stretch align-items-md-stretch align-items-stretch gutters-col-lg-1 gutters-col-md-1 gutters-col-2 gutters-col-v-lg-1 gutters-col-v-md-1 gutters-col-v-1\">\n          <!---->\n          <div class=\"h-column h-column-container d-flex h-col-lg-2 h-col-md-6 h-col-12 style-560-outer style-local-2100-c4-outer\">\n            <div data-colibri-id=\"2100-c4\" class=\"d-flex h-flex-basis h-column__inner h-px-lg-0 h-px-md-0 h-px-0 v-inner-lg-0 v-inner-md-0 v-inner-0 style-560 style-local-2100-c4 position-relative\">\n              <!---->\n              <!---->\n              <div class=\"w-100 h-y-container h-column__content h-column__v-align flex-basis-100 align-self-lg-start align-self-md-start align-self-start\">\n                <!---->\n                <div data-colibri-id=\"2100-c5\" class=\"d-block style-561 style-local-2100-c5 position-relative h-element\">\n                  <!---->\n                  <div class=\"h-image__frame-container-outer\">\n                    <div class=\"h-image__frame-container\">\n                      <!---->\n                      <!---->\n                      <img loading=\"lazy\" decoding=\"async\" width=\"3019\" height=\"3019\" src=\"https:\/\/bakfickanumea.se\/wp-content\/uploads\/2024\/05\/cropped-My-Wikzen.png\" class=\"wp-image-1556 style-561-image style-local-2100-c5-image\" alt=\"\" srcset=\"https:\/\/bakfickanumea.se\/wp-content\/uploads\/2024\/05\/cropped-My-Wikzen.png 3019w, https:\/\/bakfickanumea.se\/wp-content\/uploads\/2024\/05\/cropped-My-Wikzen-300x300.png 300w, https:\/\/bakfickanumea.se\/wp-content\/uploads\/2024\/05\/cropped-My-Wikzen-1024x1024.png 1024w, https:\/\/bakfickanumea.se\/wp-content\/uploads\/2024\/05\/cropped-My-Wikzen-150x150.png 150w, https:\/\/bakfickanumea.se\/wp-content\/uploads\/2024\/05\/cropped-My-Wikzen-768x768.png 768w, https:\/\/bakfickanumea.se\/wp-content\/uploads\/2024\/05\/cropped-My-Wikzen-1536x1536.png 1536w, https:\/\/bakfickanumea.se\/wp-content\/uploads\/2024\/05\/cropped-My-Wikzen-2048x2048.png 2048w\" sizes=\"auto, (max-width: 3019px) 100vw, 3019px\" \/>\n                      <div class=\"h-image__frame h-hide-lg h-hide-md h-hide-sm style-561-frameImage style-local-2100-c5-frameImage\"><\/div>\n                    <\/div>\n                  <\/div>\n                <\/div>\n                <div data-colibri-id=\"2100-c6\" class=\"h-row-container gutters-row-lg-0 gutters-row-md-0 gutters-row-0 gutters-row-v-lg-0 gutters-row-v-md-0 gutters-row-v-0 style-562 style-local-2100-c6 position-relative\">\n                  <!---->\n                  <div class=\"h-row justify-content-lg-center justify-content-md-center justify-content-center align-items-lg-stretch align-items-md-stretch align-items-stretch gutters-col-lg-0 gutters-col-md-0 gutters-col-0 gutters-col-v-lg-0 gutters-col-v-md-0 gutters-col-v-0\">\n                    <!---->\n                    <div class=\"h-column h-column-container d-flex h-col-lg-auto h-col-md-auto h-col-auto style-563-outer style-local-2100-c7-outer\">\n                      <div data-colibri-id=\"2100-c7\" class=\"d-flex h-flex-basis h-column__inner h-px-lg-2 h-px-md-2 h-px-2 v-inner-lg-2 v-inner-md-2 v-inner-2 style-563 style-local-2100-c7 position-relative\">\n                        <!---->\n                        <!---->\n                        <div class=\"w-100 h-y-container h-column__content h-column__v-align flex-basis-100 align-self-lg-start align-self-md-start align-self-start\">\n                          <!---->\n                          <div data-colibri-id=\"2100-c8\" class=\"h-global-transition-all h-heading style-564 style-local-2100-c8 position-relative h-element\">\n                            <!---->\n                            <div class=\"h-heading__outer style-564 style-local-2100-c8\">\n                              <!---->\n                              <!---->\n                              <h4 class=\"\">My Wikz\u00e9n<\/h4>\n                            <\/div>\n                          <\/div>\n                          <div data-colibri-id=\"2100-c9\" class=\"h-text h-text-component style-565 style-local-2100-c9 position-relative h-element\">\n                            <!---->\n                            <!---->\n                            <div class=\"\">\n                              <p>Verksamhetsansvarig <\/p>\n                            <\/div>\n                          <\/div>\n                          <div data-colibri-id=\"2100-c10\" class=\"h-text h-text-component style-1600 style-local-2100-c10 position-relative h-element\">\n                            <!---->\n                            <!---->\n                            <div class=\"\">\n                              <p>Telefon:\n                                <br>076 &#8211; 800 21 38\n                                <br>E-mail:\n                                <br>my.wikzen@bakfickanumea.se<\/p>\n                            <\/div>\n                          <\/div>\n                        <\/div>\n                      <\/div>\n                    <\/div>\n                  <\/div>\n                <\/div>\n              <\/div>\n            <\/div>\n          <\/div>\n          <div class=\"h-column h-column-container d-flex h-col-lg-2 h-col-md-6 h-col-12 style-560-outer style-local-2100-c11-outer\">\n            <div data-colibri-id=\"2100-c11\" class=\"d-flex h-flex-basis h-column__inner h-px-lg-0 h-px-md-0 h-px-0 v-inner-lg-0 v-inner-md-0 v-inner-0 style-560 style-local-2100-c11 position-relative\">\n              <!---->\n              <!---->\n              <div class=\"w-100 h-y-container h-column__content h-column__v-align flex-basis-100 align-self-lg-start align-self-md-start align-self-start\">\n                <!---->\n                <div data-colibri-id=\"2100-c12\" class=\"d-block style-561 style-local-2100-c12 position-relative h-element\">\n                  <!---->\n                  <div class=\"h-image__frame-container-outer\">\n                    <div class=\"h-image__frame-container\">\n                      <!---->\n                      <!---->\n                      <img loading=\"lazy\" decoding=\"async\" width=\"2377\" height=\"2377\" src=\"https:\/\/bakfickanumea.se\/wp-content\/uploads\/2024\/05\/cropped-Birgitta_Bakfickan-scaled-1.jpg\" class=\"wp-image-1568 style-561-image style-local-2100-c12-image\" alt=\"\" srcset=\"https:\/\/bakfickanumea.se\/wp-content\/uploads\/2024\/05\/cropped-Birgitta_Bakfickan-scaled-1.jpg 2377w, https:\/\/bakfickanumea.se\/wp-content\/uploads\/2024\/05\/cropped-Birgitta_Bakfickan-scaled-1-300x300.jpg 300w, https:\/\/bakfickanumea.se\/wp-content\/uploads\/2024\/05\/cropped-Birgitta_Bakfickan-scaled-1-1024x1024.jpg 1024w, https:\/\/bakfickanumea.se\/wp-content\/uploads\/2024\/05\/cropped-Birgitta_Bakfickan-scaled-1-150x150.jpg 150w, https:\/\/bakfickanumea.se\/wp-content\/uploads\/2024\/05\/cropped-Birgitta_Bakfickan-scaled-1-768x768.jpg 768w, https:\/\/bakfickanumea.se\/wp-content\/uploads\/2024\/05\/cropped-Birgitta_Bakfickan-scaled-1-1536x1536.jpg 1536w, https:\/\/bakfickanumea.se\/wp-content\/uploads\/2024\/05\/cropped-Birgitta_Bakfickan-scaled-1-2048x2048.jpg 2048w\" sizes=\"auto, (max-width: 2377px) 100vw, 2377px\" \/>\n                      <div class=\"h-image__frame h-hide-lg h-hide-md h-hide-sm style-561-frameImage style-local-2100-c12-frameImage\"><\/div>\n                    <\/div>\n                  <\/div>\n                <\/div>\n                <div data-colibri-id=\"2100-c13\" class=\"h-row-container gutters-row-lg-0 gutters-row-md-0 gutters-row-0 gutters-row-v-lg-0 gutters-row-v-md-0 gutters-row-v-0 style-562 style-local-2100-c13 position-relative\">\n                  <!---->\n                  <div class=\"h-row justify-content-lg-center justify-content-md-center justify-content-center align-items-lg-stretch align-items-md-stretch align-items-stretch gutters-col-lg-0 gutters-col-md-0 gutters-col-0 gutters-col-v-lg-0 gutters-col-v-md-0 gutters-col-v-0\">\n                    <!---->\n                    <div class=\"h-column h-column-container d-flex h-col-lg-auto h-col-md-auto h-col-auto style-563-outer style-local-2100-c14-outer\">\n                      <div data-colibri-id=\"2100-c14\" class=\"d-flex h-flex-basis h-column__inner h-px-lg-2 h-px-md-2 h-px-2 v-inner-lg-2 v-inner-md-2 v-inner-2 style-563 style-local-2100-c14 position-relative\">\n                        <!---->\n                        <!---->\n                        <div class=\"w-100 h-y-container h-column__content h-column__v-align flex-basis-100 align-self-lg-start align-self-md-start align-self-start\">\n                          <!---->\n                          <div data-colibri-id=\"2100-c15\" class=\"h-global-transition-all h-heading style-564 style-local-2100-c15 position-relative h-element\">\n                            <!---->\n                            <div class=\"h-heading__outer style-564 style-local-2100-c15\">\n                              <!---->\n                              <!---->\n                              <h4 class=\"\">Birgitta Selmersson<\/h4>\n                            <\/div>\n                          <\/div>\n                          <div data-colibri-id=\"2100-c16\" class=\"h-text h-text-component style-565 style-local-2100-c16 position-relative h-element\">\n                            <!---->\n                            <!---->\n                            <div class=\"\">\n                              <p>Kock<\/p>\n                            <\/div>\n                          <\/div>\n                        <\/div>\n                      <\/div>\n                    <\/div>\n                  <\/div>\n                <\/div>\n              <\/div>\n            <\/div>\n          <\/div>\n          <div class=\"h-column h-column-container d-flex h-col-lg-2 h-col-md-6 h-col-12 style-560-outer style-local-2100-c17-outer\">\n            <div data-colibri-id=\"2100-c17\" class=\"d-flex h-flex-basis h-column__inner h-px-lg-0 h-px-md-0 h-px-0 v-inner-lg-0 v-inner-md-0 v-inner-0 style-560 style-local-2100-c17 position-relative\">\n              <!---->\n              <!---->\n              <div class=\"w-100 h-y-container h-column__content h-column__v-align flex-basis-100 align-self-lg-start align-self-md-start align-self-start\">\n                <!---->\n                <div data-colibri-id=\"2100-c18\" class=\"d-block style-561 style-local-2100-c18 position-relative h-element\">\n                  <!---->\n                  <div class=\"h-image__frame-container-outer\">\n                    <div class=\"h-image__frame-container\">\n                      <!---->\n                      <!---->\n                      <img loading=\"lazy\" decoding=\"async\" width=\"1410\" height=\"1412\" src=\"https:\/\/bakfickanumea.se\/wp-content\/uploads\/2025\/06\/pierre-profil-1.jpg\" class=\"wp-image-5996 style-561-image style-local-2100-c18-image\" alt=\"\" srcset=\"https:\/\/bakfickanumea.se\/wp-content\/uploads\/2025\/06\/pierre-profil-1.jpg 1410w, https:\/\/bakfickanumea.se\/wp-content\/uploads\/2025\/06\/pierre-profil-1-300x300.jpg 300w, https:\/\/bakfickanumea.se\/wp-content\/uploads\/2025\/06\/pierre-profil-1-1024x1024.jpg 1024w, https:\/\/bakfickanumea.se\/wp-content\/uploads\/2025\/06\/pierre-profil-1-150x150.jpg 150w, https:\/\/bakfickanumea.se\/wp-content\/uploads\/2025\/06\/pierre-profil-1-768x769.jpg 768w\" sizes=\"auto, (max-width: 1410px) 100vw, 1410px\" \/>\n                      <div class=\"h-image__frame h-hide-lg h-hide-md h-hide-sm style-561-frameImage style-local-2100-c18-frameImage\"><\/div>\n                    <\/div>\n                  <\/div>\n                <\/div>\n                <div data-colibri-id=\"2100-c19\" class=\"h-row-container gutters-row-lg-0 gutters-row-md-0 gutters-row-0 gutters-row-v-lg-0 gutters-row-v-md-0 gutters-row-v-0 style-562 style-local-2100-c19 position-relative\">\n                  <!---->\n                  <div class=\"h-row justify-content-lg-center justify-content-md-center justify-content-center align-items-lg-stretch align-items-md-stretch align-items-stretch gutters-col-lg-0 gutters-col-md-0 gutters-col-0 gutters-col-v-lg-0 gutters-col-v-md-0 gutters-col-v-0\">\n                    <!---->\n                    <div class=\"h-column h-column-container d-flex h-col-lg-auto h-col-md-auto h-col-auto style-563-outer style-local-2100-c20-outer\">\n                      <div data-colibri-id=\"2100-c20\" class=\"d-flex h-flex-basis h-column__inner h-px-lg-2 h-px-md-2 h-px-2 v-inner-lg-2 v-inner-md-2 v-inner-2 style-563 style-local-2100-c20 position-relative\">\n                        <!---->\n                        <!---->\n                        <div class=\"w-100 h-y-container h-column__content h-column__v-align flex-basis-100 align-self-lg-start align-self-md-start align-self-start\">\n                          <!---->\n                          <div data-colibri-id=\"2100-c21\" class=\"h-global-transition-all h-heading style-564 style-local-2100-c21 position-relative h-element\">\n                            <!---->\n                            <div class=\"h-heading__outer style-564 style-local-2100-c21\">\n                              <!---->\n                              <!---->\n                              <h4 class=\"\">Pierre \u00c5ngdal<\/h4>\n                            <\/div>\n                          <\/div>\n                          <div data-colibri-id=\"2100-c22\" class=\"h-text h-text-component style-565 style-local-2100-c22 position-relative h-element\">\n                            <!---->\n                            <!---->\n                            <div class=\"\">\n                              <p>V\u00e4rd \/ Webbansvarig<\/p>\n                            <\/div>\n                          <\/div>\n                        <\/div>\n                      <\/div>\n                    <\/div>\n                  <\/div>\n                <\/div>\n                <div data-colibri-id=\"2100-c23\" class=\"h-text h-text-component style-1602 style-local-2100-c23 position-relative h-element\">\n                  <!---->\n                  <!---->\n                  <div class=\"\">\n                    <p>E-mail\n                      <br>Pierre.angdal@bakfickanumea.se<\/p>\n                  <\/div>\n                <\/div>\n              <\/div>\n            <\/div>\n          <\/div>\n          <div class=\"h-column h-column-container d-flex h-col-lg-2 h-col-md-6 h-col-12 style-560-outer style-local-2100-c24-outer\">\n            <div data-colibri-id=\"2100-c24\" class=\"d-flex h-flex-basis h-column__inner h-px-lg-0 h-px-md-0 h-px-0 v-inner-lg-0 v-inner-md-0 v-inner-0 style-560 style-local-2100-c24 position-relative\">\n              <!---->\n              <!---->\n              <div class=\"w-100 h-y-container h-column__content h-column__v-align flex-basis-100 align-self-lg-start align-self-md-start align-self-start\">\n                <!---->\n                <div data-colibri-id=\"2100-c25\" class=\"d-block style-561 style-local-2100-c25 position-relative h-element\">\n                  <!---->\n                  <div class=\"h-image__frame-container-outer\">\n                    <div class=\"h-image__frame-container\">\n                      <!---->\n                      <!---->\n                      <img loading=\"lazy\" decoding=\"async\" width=\"1919\" height=\"1919\" src=\"https:\/\/bakfickanumea.se\/wp-content\/uploads\/2025\/10\/cropped-cropped-borelindberg-scaled-1.jpeg\" class=\"wp-image-6881 style-561-image style-local-2100-c25-image\" alt=\"\" srcset=\"https:\/\/bakfickanumea.se\/wp-content\/uploads\/2025\/10\/cropped-cropped-borelindberg-scaled-1.jpeg 1919w, https:\/\/bakfickanumea.se\/wp-content\/uploads\/2025\/10\/cropped-cropped-borelindberg-scaled-1-300x300.jpeg 300w, https:\/\/bakfickanumea.se\/wp-content\/uploads\/2025\/10\/cropped-cropped-borelindberg-scaled-1-1024x1024.jpeg 1024w, https:\/\/bakfickanumea.se\/wp-content\/uploads\/2025\/10\/cropped-cropped-borelindberg-scaled-1-150x150.jpeg 150w, https:\/\/bakfickanumea.se\/wp-content\/uploads\/2025\/10\/cropped-cropped-borelindberg-scaled-1-768x768.jpeg 768w, https:\/\/bakfickanumea.se\/wp-content\/uploads\/2025\/10\/cropped-cropped-borelindberg-scaled-1-1536x1536.jpeg 1536w\" sizes=\"auto, (max-width: 1919px) 100vw, 1919px\" \/>\n                      <div class=\"h-image__frame h-hide-lg h-hide-md h-hide-sm style-561-frameImage style-local-2100-c25-frameImage\"><\/div>\n                    <\/div>\n                  <\/div>\n                <\/div>\n                <div data-colibri-id=\"2100-c26\" class=\"h-row-container gutters-row-lg-0 gutters-row-md-0 gutters-row-0 gutters-row-v-lg-0 gutters-row-v-md-0 gutters-row-v-0 style-562 style-local-2100-c26 position-relative\">\n                  <!---->\n                  <div class=\"h-row justify-content-lg-center justify-content-md-center justify-content-center align-items-lg-stretch align-items-md-stretch align-items-stretch gutters-col-lg-0 gutters-col-md-0 gutters-col-0 gutters-col-v-lg-0 gutters-col-v-md-0 gutters-col-v-0\">\n                    <!---->\n                    <div class=\"h-column h-column-container d-flex h-col-lg-auto h-col-md-auto h-col-auto style-563-outer style-local-2100-c27-outer\">\n                      <div data-colibri-id=\"2100-c27\" class=\"d-flex h-flex-basis h-column__inner h-px-lg-2 h-px-md-2 h-px-2 v-inner-lg-2 v-inner-md-2 v-inner-2 style-563 style-local-2100-c27 position-relative\">\n                        <!---->\n                        <!---->\n                        <div class=\"w-100 h-y-container h-column__content h-column__v-align flex-basis-100 align-self-lg-start align-self-md-start align-self-start\">\n                          <!---->\n                          <div data-colibri-id=\"2100-c28\" class=\"h-global-transition-all h-heading style-564 style-local-2100-c28 position-relative h-element\">\n                            <!---->\n                            <div class=\"h-heading__outer style-564 style-local-2100-c28\">\n                              <!---->\n                              <!---->\n                              <h4 class=\"\">Bore Lindberg<\/h4>\n                            <\/div>\n                          <\/div>\n                          <div data-colibri-id=\"2100-c29\" class=\"h-text h-text-component style-565 style-local-2100-c29 position-relative h-element\">\n                            <!---->\n                            <!---->\n                            <div class=\"\">\n                              <p>Sponsoransvarig<\/p>\n                            <\/div>\n                          <\/div>\n                          <div data-colibri-id=\"2100-c30\" class=\"h-text h-text-component style-1601 style-local-2100-c30 position-relative h-element\">\n                            <!---->\n                            <!---->\n                            <div class=\"\">\n                              <p>Telefon:\n                                <br>073 &#8211; 346 83 33\n                                <br>E-mail:\n                                <br>bore.lindberg@bakfickanumea.se<\/p>\n                            <\/div>\n                          <\/div>\n                        <\/div>\n                      <\/div>\n                    <\/div>\n                  <\/div>\n                <\/div>\n              <\/div>\n            <\/div>\n          <\/div>\n        <\/div>\n      <\/div>\n    <\/div>\n  <\/div>\n<\/div>","protected":false},"excerpt":{"rendered":"<p>My Wikz\u00e9n Verksamhetsansvarig Telefon: 076 &#8211; 800 21 38 E-mail: my.wikzen@bakfickanumea.se Birgitta Selmersson Kock Pierre \u00c5ngdal V\u00e4rd \/ Webbansvarig E-mail Pierre.angdal@bakfickanumea.se Bore Lindberg Sponsoransvarig Telefon: 073 &#8211; 346 83 33 E-mail: bore.lindberg@bakfickanumea.se<\/p>\n","protected":false},"author":10,"featured_media":0,"parent":0,"menu_order":0,"comment_status":"closed","ping_status":"closed","template":"page-templates\/full-width-page.php","meta":{"footnotes":""},"class_list":["post-2100","page","type-page","status-publish","hentry"],"_links":{"self":[{"href":"https:\/\/bakfickanumea.se\/index.php?rest_route=\/wp\/v2\/pages\/2100","targetHints":{"allow":["GET"]}}],"collection":[{"href":"https:\/\/bakfickanumea.se\/index.php?rest_route=\/wp\/v2\/pages"}],"about":[{"href":"https:\/\/bakfickanumea.se\/index.php?rest_route=\/wp\/v2\/types\/page"}],"author":[{"embeddable":true,"href":"https:\/\/bakfickanumea.se\/index.php?rest_route=\/wp\/v2\/users\/10"}],"replies":[{"embeddable":true,"href":"https:\/\/bakfickanumea.se\/index.php?rest_route=%2Fwp%2Fv2%2Fcomments&post=2100"}],"version-history":[{"count":19,"href":"https:\/\/bakfickanumea.se\/index.php?rest_route=\/wp\/v2\/pages\/2100\/revisions"}],"predecessor-version":[{"id":6883,"href":"https:\/\/bakfickanumea.se\/index.php?rest_route=\/wp\/v2\/pages\/2100\/revisions\/6883"}],"wp:attachment":[{"href":"https:\/\/bakfickanumea.se\/index.php?rest_route=%2Fwp%2Fv2%2Fmedia&parent=2100"}],"curies":[{"name":"wp","href":"https:\/\/api.w.org\/{rel}","templated":true}]}}