{"id":2801,"date":"2024-05-20T20:29:23","date_gmt":"2024-05-20T20:29:23","guid":{"rendered":"https:\/\/bakfickanumea.se\/?page_id=2801"},"modified":"2024-05-20T20:40:32","modified_gmt":"2024-05-20T20:40:32","slug":"ett-salutogent-arbetssatt","status":"publish","type":"page","link":"https:\/\/bakfickanumea.se\/?page_id=2801","title":{"rendered":"Ett salutogent arbetss\u00e4tt"},"content":{"rendered":"<div data-colibri-id=\"2801-c1\" class=\"style-690 style-local-2801-c1 position-relative\">\n  <!---->\n  <div data-colibri-component=\"section\" data-colibri-id=\"2801-c2\" id=\"about\" class=\"h-section h-section-global-spacing d-flex align-items-lg-center align-items-md-center align-items-center style-691 style-local-2801-c2 position-relative\">\n    <!---->\n    <!---->\n    <div class=\"h-section-grid-container h-section-boxed-container\">\n      <!---->\n      <div data-colibri-id=\"2801-c3\" class=\"h-row-container gutters-row-lg-0 gutters-row-md-0 gutters-row-0 gutters-row-v-lg-0 gutters-row-v-md-0 gutters-row-v-0 style-692 style-local-2801-c3 position-relative\">\n        <!---->\n        <div class=\"h-row justify-content-lg-center justify-content-md-center justify-content-center align-items-lg-stretch align-items-md-stretch align-items-stretch gutters-col-lg-0 gutters-col-md-0 gutters-col-0 gutters-col-v-lg-0 gutters-col-v-md-0 gutters-col-v-0\">\n          <!---->\n          <div class=\"h-column h-column-container d-flex h-col-lg-auto h-col-md-auto h-col-auto style-693-outer style-local-2801-c4-outer\">\n            <div data-colibri-id=\"2801-c4\" class=\"d-flex h-flex-basis h-column__inner h-px-lg-0 h-px-md-0 h-px-0 v-inner-lg-0 v-inner-md-0 v-inner-0 style-693 style-local-2801-c4 position-relative\">\n              <!---->\n              <!---->\n              <div class=\"w-100 h-y-container h-column__content h-column__v-align flex-basis-100 align-self-lg-start align-self-md-start align-self-start\">\n                <!---->\n                <div data-colibri-id=\"2801-c5\" class=\"h-global-transition-all h-heading style-695 style-local-2801-c5 position-relative h-element\">\n                  <!---->\n                  <div class=\"h-heading__outer style-695 style-local-2801-c5\">\n                    <!---->\n                    <!---->\n                    <h2 class=\"\">Ett salutogent arbetss\u00e4tt<\/h2>\n                  <\/div>\n                <\/div>\n                <div data-colibri-id=\"2801-c6\" class=\"h-text h-text-component style-696 style-local-2801-c6 position-relative h-element\">\n                  <!---->\n                  <!---->\n                  <div class=\"\">\n                    <p>Ett salutogent arbetss\u00e4tt \u00e4r ett s\u00e4tt att arbeta som fokuserar p\u00e5 att fr\u00e4mja h\u00e4lsa och v\u00e4lbefinnande snarare \u00e4n att bara f\u00f6rebygga sjukdomar eller hantera problem. Begreppet &#8221;salutogenes&#8221; kommer fr\u00e5n latinets &#8221;salus&#8221; (h\u00e4lsa) och grekiskans\n                      &#8221;genesis&#8221; (ursprung eller skapelse), och det myntades av den medicinske sociologen Aaron Antonovsky. Han betonade vikten av att f\u00f6rst\u00e5 och fr\u00e4mja de faktorer som skapar och uppr\u00e4tth\u00e5ller h\u00e4lsa.<\/p>\n                    <p>De centrala komponenterna i ett salutogent arbetss\u00e4tt inkluderar:<\/p>\n                    <ol>\n                      <li><strong style=\"color: var(--tw-prose-bold); font-weight: 600;\">K\u00e4nsla av sammanhang (KASAM)<\/strong>: Enligt Antonovsky \u00e4r detta avg\u00f6rande f\u00f6r h\u00e4lsa och v\u00e4lbefinnande. KASAM best\u00e5r av tre delar:<\/li>\n                    <\/ol>\n                    <ul>\n                      <li class=\"ql-indent-1\"><strong style=\"color: var(--tw-prose-bold); font-weight: 600;\">Begriplighet<\/strong>: Att f\u00f6rst\u00e5 livets h\u00e4ndelser och uppleva dem som f\u00f6ruts\u00e4gbara och strukturerade.<\/li>\n                      <li class=\"ql-indent-1\"><strong style=\"color: var(--tw-prose-bold); font-weight: 600;\">Hanterbarhet<\/strong>: Att k\u00e4nna att man har resurser och f\u00f6rm\u00e5ga att hantera de krav som st\u00e4lls.<\/li>\n                      <li class=\"ql-indent-1\"><strong style=\"color: var(--tw-prose-bold); font-weight: 600;\">Meningsfullhet<\/strong>: Att uppleva att livet har en k\u00e4nslom\u00e4ssig och motiverande betydelse.<\/li>\n                    <\/ul>\n                    <ol>\n                      <li><strong style=\"color: var(--tw-prose-bold); font-weight: 600;\">Resursfokusering<\/strong>: Ist\u00e4llet f\u00f6r att enbart identifiera och l\u00f6sa problem, fokuserar man p\u00e5 att identifiera och st\u00e4rka individens och gruppens resurser och f\u00f6rm\u00e5gor.<\/li>\n                      <li><strong style=\"color: var(--tw-prose-bold); font-weight: 600;\">Positivt bem\u00f6tande<\/strong>: Att m\u00f6ta individer med respekt, v\u00e4rdighet och en positiv inst\u00e4llning, vilket st\u00e4rker deras egen f\u00f6rm\u00e5ga att hantera livets utmaningar.<\/li>\n                      <li><strong style=\"color: var(--tw-prose-bold); font-weight: 600;\">Delaktighet och inflytande<\/strong>: Att ge m\u00e4nniskor m\u00f6jlighet att vara delaktiga i beslut och ha inflytande \u00f6ver sina egna liv och den milj\u00f6 de lever i.<\/li>\n                      <li><strong style=\"color: var(--tw-prose-bold); font-weight: 600;\">Fr\u00e4mja v\u00e4lbefinnande<\/strong>: Att aktivt arbeta med aktiviteter och strategier som fr\u00e4mjar fysisk, psykisk och social h\u00e4lsa.<\/li>\n                    <\/ol>\n                    <p>I praktiken kan ett salutogent arbetss\u00e4tt till\u00e4mpas inom m\u00e5nga olika omr\u00e5den, inklusive h\u00e4lso- och sjukv\u00e5rd, socialt arbete, skola och arbetsliv. Exempel p\u00e5 salutogena metoder kan vara att skapa st\u00f6djande och inkluderande milj\u00f6er,\n                      erbjuda utbildning och tr\u00e4ning som st\u00e4rker individens resurser och f\u00f6rm\u00e5gor, samt att arbeta med positiv f\u00f6rst\u00e4rkning och empowerment.<\/p>\n                    <p>Genom att fokusera p\u00e5 h\u00e4lsa och v\u00e4lbefinnande p\u00e5 detta s\u00e4tt, kan man bidra till att m\u00e4nniskor inte bara \u00f6verlever utan ocks\u00e5 trivs och utvecklas p\u00e5 ett positivt s\u00e4tt.<\/p>\n                    <p>\n                      <br>\n                    <\/p>\n                  <\/div>\n                <\/div>\n              <\/div>\n            <\/div>\n          <\/div>\n          <div class=\"h-column h-column-container d-flex h-col-lg-auto h-col-md-auto h-col-auto style-697-outer style-local-2801-c7-outer\">\n            <div data-colibri-id=\"2801-c7\" class=\"d-flex h-flex-basis h-column__inner h-ui-empty-state-container h-px-lg-2 h-px-md-2 h-px-2 v-inner-lg-2 v-inner-md-2 v-inner-2 style-697 style-local-2801-c7 position-relative\">\n              <!---->\n              <!---->\n              <div class=\"w-100 h-y-container h-column__content h-column__v-align flex-basis-100\">\n                <!---->\n              <\/div>\n            <\/div>\n          <\/div>\n        <\/div>\n      <\/div>\n    <\/div>\n  <\/div>\n<\/div>","protected":false},"excerpt":{"rendered":"<p>Ett salutogent arbetss\u00e4tt Ett salutogent arbetss\u00e4tt \u00e4r ett s\u00e4tt att arbeta som fokuserar p\u00e5 att fr\u00e4mja h\u00e4lsa och v\u00e4lbefinnande snarare \u00e4n att bara f\u00f6rebygga sjukdomar eller hantera problem. Begreppet &#8221;salutogenes&#8221; kommer fr\u00e5n latinets &#8221;salus&#8221; (h\u00e4lsa) och grekiskans &#8221;genesis&#8221; (ursprung eller skapelse), och det myntades av den medicinske sociologen Aaron Antonovsky. Han betonade vikten av att [&hellip;]<\/p>\n","protected":false},"author":10,"featured_media":0,"parent":0,"menu_order":0,"comment_status":"closed","ping_status":"closed","template":"page-templates\/full-width-page.php","meta":{"footnotes":""},"class_list":["post-2801","page","type-page","status-publish","hentry"],"_links":{"self":[{"href":"https:\/\/bakfickanumea.se\/index.php?rest_route=\/wp\/v2\/pages\/2801","targetHints":{"allow":["GET"]}}],"collection":[{"href":"https:\/\/bakfickanumea.se\/index.php?rest_route=\/wp\/v2\/pages"}],"about":[{"href":"https:\/\/bakfickanumea.se\/index.php?rest_route=\/wp\/v2\/types\/page"}],"author":[{"embeddable":true,"href":"https:\/\/bakfickanumea.se\/index.php?rest_route=\/wp\/v2\/users\/10"}],"replies":[{"embeddable":true,"href":"https:\/\/bakfickanumea.se\/index.php?rest_route=%2Fwp%2Fv2%2Fcomments&post=2801"}],"version-history":[{"count":4,"href":"https:\/\/bakfickanumea.se\/index.php?rest_route=\/wp\/v2\/pages\/2801\/revisions"}],"predecessor-version":[{"id":2828,"href":"https:\/\/bakfickanumea.se\/index.php?rest_route=\/wp\/v2\/pages\/2801\/revisions\/2828"}],"wp:attachment":[{"href":"https:\/\/bakfickanumea.se\/index.php?rest_route=%2Fwp%2Fv2%2Fmedia&parent=2801"}],"curies":[{"name":"wp","href":"https:\/\/api.w.org\/{rel}","templated":true}]}}