{"id":2837,"date":"2024-05-20T20:51:14","date_gmt":"2024-05-20T20:51:14","guid":{"rendered":"https:\/\/bakfickanumea.se\/?page_id=2837"},"modified":"2024-05-21T09:16:11","modified_gmt":"2024-05-21T09:16:11","slug":"colibri-2837","status":"publish","type":"page","link":"https:\/\/bakfickanumea.se\/?page_id=2837","title":{"rendered":"V\u00e5ra v\u00e4rdeord"},"content":{"rendered":"<div data-colibri-id=\"2837-c1\" class=\"style-698 style-local-2837-c1 position-relative\">\n  <!---->\n  <div data-colibri-component=\"section\" data-colibri-id=\"2837-c2\" id=\"reusable-sections\" class=\"h-section h-section-global-spacing d-flex align-items-lg-center align-items-md-center align-items-center style-715 style-local-2837-c2 position-relative\">\n    <!---->\n    <!---->\n    <div class=\"h-section-grid-container h-section-boxed-container\">\n      <!---->\n      <div data-colibri-id=\"2837-c3\" class=\"h-row-container gutters-row-lg-2 gutters-row-md-2 gutters-row-2 gutters-row-v-lg-2 gutters-row-v-md-2 gutters-row-v-2 style-716 style-local-2837-c3 position-relative\">\n        <!---->\n        <div class=\"h-row justify-content-lg-center justify-content-md-center justify-content-center align-items-lg-stretch align-items-md-stretch align-items-stretch gutters-col-lg-2 gutters-col-md-2 gutters-col-2 gutters-col-v-lg-2 gutters-col-v-md-2 gutters-col-v-2\">\n          <!---->\n          <div class=\"h-column h-column-container d-flex h-col-lg-auto h-col-md-auto h-col-auto style-717-outer style-local-2837-c4-outer\">\n            <div data-colibri-id=\"2837-c4\" class=\"d-flex h-flex-basis h-column__inner h-px-lg-2 h-px-md-2 h-px-2 v-inner-lg-2 v-inner-md-2 v-inner-2 style-717 style-local-2837-c4 position-relative\">\n              <!---->\n              <!---->\n              <div class=\"w-100 h-y-container h-column__content h-column__v-align flex-basis-100 align-self-lg-center align-self-md-center align-self-center\">\n                <!---->\n                <div data-colibri-id=\"2837-c5\" class=\"style-718 style-local-2837-c5 position-relative h-element\">\n                  <!---->\n                <\/div>\n                <div data-colibri-id=\"2837-c6\" class=\"h-global-transition-all h-heading style-719 style-local-2837-c6 position-relative h-element\">\n                  <!---->\n                  <div class=\"h-heading__outer style-719 style-local-2837-c6\">\n                    <!---->\n                    <!---->\n                    <h2 class=\"\">V\u00e5ra v\u00e4rdeord<\/h2>\n                  <\/div>\n                <\/div>\n                <div data-colibri-id=\"2837-c7\" class=\"style-720 style-local-2837-c7 position-relative h-element\">\n                  <!---->\n                <\/div>\n                <div data-colibri-id=\"2837-c8\" class=\"h-row-container gutters-row-lg-0 gutters-row-md-0 gutters-row-0 gutters-row-v-lg-0 gutters-row-v-md-0 gutters-row-v-0 style-721 style-local-2837-c8 position-relative\">\n                  <!---->\n                  <div class=\"h-row justify-content-lg-center justify-content-md-center justify-content-center align-items-lg-stretch align-items-md-stretch align-items-stretch gutters-col-lg-0 gutters-col-md-0 gutters-col-0 gutters-col-v-lg-0 gutters-col-v-md-0 gutters-col-v-0\">\n                    <!---->\n                    <div class=\"h-column h-column-container d-flex h-col-lg-6 h-col-md-6 h-col-12 style-722-outer style-local-2837-c9-outer\">\n                      <div data-colibri-id=\"2837-c9\" class=\"d-flex h-flex-basis h-column__inner h-px-lg-2 h-px-md-2 h-px-2 v-inner-lg-2 v-inner-md-2 v-inner-2 style-722 style-local-2837-c9 position-relative\">\n                        <!---->\n                        <!---->\n                        <div class=\"w-100 h-y-container h-column__content h-column__v-align flex-basis-100 align-self-lg-start align-self-md-start align-self-start\">\n                          <!---->\n                          <div data-colibri-id=\"2837-c10\" class=\"h-global-transition-all h-heading style-723 style-local-2837-c10 position-relative h-element\">\n                            <!---->\n                            <div class=\"h-heading__outer style-723 style-local-2837-c10\">\n                              <!---->\n                              <!---->\n                              <h5 class=\"\">Kamratst\u00f6d<\/h5>\n                            <\/div>\n                          <\/div>\n                          <div data-colibri-id=\"2837-c11\" class=\"h-text h-text-component style-724 style-local-2837-c11 position-relative h-element\">\n                            <!---->\n                            <!---->\n                            <div class=\"\">\n                              <p>Kamratst\u00f6det Bakfickan \u00e4r en plats som \u00e4r byggd p\u00e5 \u00f6msesi- dighet och respekt. Gemenskap och trygghet \u00e4r grundorden.<\/p>\n                              <p>\n                                <br>\n                              <\/p>\n                            <\/div>\n                          <\/div>\n                        <\/div>\n                      <\/div>\n                    <\/div>\n                    <div class=\"h-column h-column-container d-flex h-col-lg-6 h-col-md-6 h-col-12 style-722-outer style-local-2837-c12-outer\">\n                      <div data-colibri-id=\"2837-c12\" class=\"d-flex h-flex-basis h-column__inner h-px-lg-2 h-px-md-2 h-px-2 v-inner-lg-2 v-inner-md-2 v-inner-2 style-722 style-local-2837-c12 position-relative\">\n                        <!---->\n                        <!---->\n                        <div class=\"w-100 h-y-container h-column__content h-column__v-align flex-basis-100 align-self-lg-start align-self-md-start align-self-start\">\n                          <!---->\n                          <div data-colibri-id=\"2837-c13\" class=\"h-global-transition-all h-heading style-723 style-local-2837-c13 position-relative h-element\">\n                            <!---->\n                            <div class=\"h-heading__outer style-723 style-local-2837-c13\">\n                              <!---->\n                              <!---->\n                              <h5 class=\"\">gemenskap<\/h5>\n                            <\/div>\n                          <\/div>\n                          <div data-colibri-id=\"2837-c14\" class=\"h-text h-text-component style-724 style-local-2837-c14 position-relative h-element\">\n                            <!---->\n                            <!---->\n                            <div class=\"\">\n                              <p>Behovet av att vara en del av en gemenskap \u00e4r ett av m\u00e4nniskans grundl\u00e4ggande behov. Vi vill ocks\u00e5 kunna uppleva att vi \u00e4r uppskattade och att vi godk\u00e4nns som vi \u00e4r.<\/p>\n                              <p>\n                                <br>\n                              <\/p>\n                            <\/div>\n                          <\/div>\n                        <\/div>\n                      <\/div>\n                    <\/div>\n                    <div class=\"h-column h-column-container d-flex h-col-lg-6 h-col-md-6 h-col-12 style-722-outer style-local-2837-c15-outer\">\n                      <div data-colibri-id=\"2837-c15\" class=\"d-flex h-flex-basis h-column__inner h-px-lg-2 h-px-md-2 h-px-2 v-inner-lg-2 v-inner-md-2 v-inner-2 style-722 style-local-2837-c15 position-relative\">\n                        <!---->\n                        <!---->\n                        <div class=\"w-100 h-y-container h-column__content h-column__v-align flex-basis-100 align-self-lg-start align-self-md-start align-self-start\">\n                          <!---->\n                          <div data-colibri-id=\"2837-c16\" class=\"h-global-transition-all h-heading style-723 style-local-2837-c16 position-relative h-element\">\n                            <!---->\n                            <div class=\"h-heading__outer style-723 style-local-2837-c16\">\n                              <!---->\n                              <!---->\n                              <h5 class=\"\">omtanke<\/h5>\n                            <\/div>\n                          <\/div>\n                          <div data-colibri-id=\"2837-c17\" class=\"h-text h-text-component style-725 style-local-2837-c17 position-relative h-element\">\n                            <!---->\n                            <!---->\n                            <div class=\"\">\n                              <p>Omtanke handlar om att bry sig om och visa h\u00e4nsyn till andra. Man visar uppm\u00e4rksamhet, v\u00e4nlighet och omsorg gentemot n\u00e5gon annans v\u00e4lbefinnande.<\/p>\n                            <\/div>\n                          <\/div>\n                        <\/div>\n                      <\/div>\n                    <\/div>\n                    <div class=\"h-column h-column-container d-flex h-col-lg-6 h-col-md-6 h-col-12 style-722-outer style-local-2837-c18-outer\">\n                      <div data-colibri-id=\"2837-c18\" class=\"d-flex h-flex-basis h-column__inner h-px-lg-2 h-px-md-2 h-px-2 v-inner-lg-2 v-inner-md-2 v-inner-2 style-722 style-local-2837-c18 position-relative\">\n                        <!---->\n                        <!---->\n                        <div class=\"w-100 h-y-container h-column__content h-column__v-align flex-basis-100 align-self-lg-start align-self-md-start align-self-start\">\n                          <!---->\n                          <div data-colibri-id=\"2837-c19\" class=\"h-global-transition-all h-heading style-723 style-local-2837-c19 position-relative h-element\">\n                            <!---->\n                            <div class=\"h-heading__outer style-723 style-local-2837-c19\">\n                              <!---->\n                              <!---->\n                              <h5 class=\"\">solidaritet<\/h5>\n                            <\/div>\n                          <\/div>\n                          <div data-colibri-id=\"2837-c20\" class=\"h-text h-text-component style-724 style-local-2837-c20 position-relative h-element\">\n                            <!---->\n                            <!---->\n                            <div class=\"\">\n                              <p>Solidaritet beskriver k\u00e4nslan av samh\u00f6righet och gemensamt ansvar mellan m\u00e4nniskor. Det inneb\u00e4r att man st\u00f6djer och hj\u00e4lper varandra, s\u00e4rskilt i sv\u00e5ra tider, och att man agerar f\u00f6r det gemensamma b\u00e4sta snarare \u00e4n bara f\u00f6r\n                                egen vinning.<\/p>\n                              <p>\n                                <br>\n                              <\/p>\n                            <\/div>\n                          <\/div>\n                        <\/div>\n                      <\/div>\n                    <\/div>\n                  <\/div>\n                <\/div>\n                <div data-colibri-id=\"2837-c21\" class=\"h-x-container style-726 style-local-2837-c21 position-relative h-element\">\n                  <!---->\n                  <div class=\"h-x-container-inner style-dynamic-2837-c21-group style-726-spacing style-local-2837-c21-spacing\"><span class=\"h-link__outer style-727-outer style-local-2837-c22-outer d-inline-flex h-element\"><a h-use-smooth-scroll=\"true\" href=\"https:\/\/bakfickanumea.se\/?page_id=1689\" target=\"_blank\" data-colibri-id=\"2837-c22\" class=\"d-flex w-100 align-items-center h-link style-727 style-local-2837-c22 position-relative\" rel=\"noopener\"><!----><span  class=\"h-svg-icon h-link__icon style-727-icon style-local-2837-c22-icon\"><!--Icon by Icons8 Line Awesome (https:\/\/icons8.com\/line-awesome)--><svg version=\"1.1\" xmlns=\"http:\/\/www.w3.org\/2000\/svg\" xmlns:xlink=\"http:\/\/www.w3.org\/1999\/xlink\" id=\"angle-double-right\" viewBox=\"0 0 512 545.5\"><path d=\"M145.5 108.5l168 168L325 288l-11.5 11.5-168 168-22.5-23L279.5 288 123 131.5zm112 0l168 168L437 288l-11.5 11.5-168 168-22.5-23L391.5 288 235 131.5z\"><\/path><\/svg><\/span>                    <span>L\u00e4s mer om det salutogena f\u00f6rh\u00e5llnings- och  arbetss\u00e4ttet. <\/span><\/a>\n                    <\/span>\n                  <\/div>\n                <\/div>\n              <\/div>\n            <\/div>\n          <\/div>\n          <div class=\"h-column h-column-container d-flex h-col-lg-auto h-col-md-auto h-col-auto style-728-outer style-local-2837-c23-outer\">\n            <div data-colibri-id=\"2837-c23\" class=\"d-flex h-flex-basis h-column__inner h-px-lg-2 h-px-md-0 h-px-2 v-inner-lg-2 v-inner-md-0 v-inner-2 style-728 style-local-2837-c23 position-relative\">\n              <!---->\n              <!---->\n              <div class=\"w-100 h-y-container h-column__content h-column__v-align flex-basis-100 align-self-lg-center align-self-md-center align-self-center\">\n                <!---->\n                <div data-colibri-id=\"2837-c24\" class=\"d-block style-729 style-local-2837-c24 position-relative h-element\">\n                  <!---->\n                  <div class=\"h-image__frame-container-outer\">\n                    <div class=\"h-image__frame-container\">\n                      <!---->\n                      <!---->\n                      <img loading=\"lazy\" decoding=\"async\" width=\"935\" height=\"938\" src=\"https:\/\/bakfickanumea.se\/wp-content\/uploads\/2024\/05\/cropped-onsdagkvall_D851724.jpg\" class=\"wp-image-1774 style-729-image style-local-2837-c24-image\" alt=\"\" srcset=\"https:\/\/bakfickanumea.se\/wp-content\/uploads\/2024\/05\/cropped-onsdagkvall_D851724.jpg 935w, https:\/\/bakfickanumea.se\/wp-content\/uploads\/2024\/05\/cropped-onsdagkvall_D851724-300x300.jpg 300w, https:\/\/bakfickanumea.se\/wp-content\/uploads\/2024\/05\/cropped-onsdagkvall_D851724-150x150.jpg 150w, https:\/\/bakfickanumea.se\/wp-content\/uploads\/2024\/05\/cropped-onsdagkvall_D851724-768x770.jpg 768w\" sizes=\"auto, (max-width: 935px) 100vw, 935px\" \/>\n                      <div class=\"h-image__frame h-image__frame_shadow h-hide-lg h-hide-md h-hide-sm style-729-frameImage style-local-2837-c24-frameImage\"><\/div>\n                    <\/div>\n                  <\/div>\n                <\/div>\n              <\/div>\n            <\/div>\n          <\/div>\n        <\/div>\n      <\/div>\n    <\/div>\n  <\/div>\n<\/div>","protected":false},"excerpt":{"rendered":"<p>V\u00e5ra v\u00e4rdeord Kamratst\u00f6d Kamratst\u00f6det Bakfickan \u00e4r en plats som \u00e4r byggd p\u00e5 \u00f6msesi- dighet och respekt. Gemenskap och trygghet \u00e4r grundorden. gemenskap Behovet av att vara en del av en gemenskap \u00e4r ett av m\u00e4nniskans grundl\u00e4ggande behov. Vi vill ocks\u00e5 kunna uppleva att vi \u00e4r uppskattade och att vi godk\u00e4nns som vi \u00e4r. omtanke Omtanke [&hellip;]<\/p>\n","protected":false},"author":10,"featured_media":0,"parent":0,"menu_order":0,"comment_status":"closed","ping_status":"closed","template":"page-templates\/full-width-page.php","meta":{"footnotes":""},"class_list":["post-2837","page","type-page","status-publish","hentry"],"_links":{"self":[{"href":"https:\/\/bakfickanumea.se\/index.php?rest_route=\/wp\/v2\/pages\/2837","targetHints":{"allow":["GET"]}}],"collection":[{"href":"https:\/\/bakfickanumea.se\/index.php?rest_route=\/wp\/v2\/pages"}],"about":[{"href":"https:\/\/bakfickanumea.se\/index.php?rest_route=\/wp\/v2\/types\/page"}],"author":[{"embeddable":true,"href":"https:\/\/bakfickanumea.se\/index.php?rest_route=\/wp\/v2\/users\/10"}],"replies":[{"embeddable":true,"href":"https:\/\/bakfickanumea.se\/index.php?rest_route=%2Fwp%2Fv2%2Fcomments&post=2837"}],"version-history":[{"count":5,"href":"https:\/\/bakfickanumea.se\/index.php?rest_route=\/wp\/v2\/pages\/2837\/revisions"}],"predecessor-version":[{"id":3128,"href":"https:\/\/bakfickanumea.se\/index.php?rest_route=\/wp\/v2\/pages\/2837\/revisions\/3128"}],"wp:attachment":[{"href":"https:\/\/bakfickanumea.se\/index.php?rest_route=%2Fwp%2Fv2%2Fmedia&parent=2837"}],"curies":[{"name":"wp","href":"https:\/\/api.w.org\/{rel}","templated":true}]}}