{"id":4266,"date":"2024-09-26T14:34:19","date_gmt":"2024-09-26T14:34:19","guid":{"rendered":"https:\/\/bakfickanumea.se\/?page_id=4266"},"modified":"2025-10-13T08:43:51","modified_gmt":"2025-10-13T08:43:51","slug":"insamling","status":"publish","type":"page","link":"https:\/\/bakfickanumea.se\/?page_id=4266","title":{"rendered":"Insamling"},"content":{"rendered":"<div data-colibri-id=\"4266-c1\" class=\"style-1603 style-local-4266-c1 position-relative\">\n  <!---->\n  <div data-colibri-component=\"section\" data-colibri-id=\"4266-c2\" id=\"initial-content\" class=\"h-section h-section-global-spacing d-flex align-items-lg-center align-items-md-center align-items-center style-1604 style-local-4266-c2 position-relative\">\n    <!---->\n    <!---->\n    <div class=\"h-section-grid-container h-section-boxed-container\">\n      <!---->\n      <div data-colibri-id=\"4266-c3\" class=\"h-row-container gutters-row-lg-2 gutters-row-md-2 gutters-row-0 gutters-row-v-lg-2 gutters-row-v-md-2 gutters-row-v-2 style-1605 style-local-4266-c3 position-relative\">\n        <!---->\n        <div class=\"h-row justify-content-lg-center justify-content-md-center justify-content-center align-items-lg-stretch align-items-md-stretch align-items-stretch gutters-col-lg-2 gutters-col-md-2 gutters-col-0 gutters-col-v-lg-2 gutters-col-v-md-2 gutters-col-v-2\">\n          <!---->\n          <div class=\"h-column h-column-container d-flex h-col-lg-auto h-col-md-auto h-col-auto style-1606-outer style-local-4266-c4-outer\">\n            <div data-colibri-id=\"4266-c4\" class=\"d-flex h-flex-basis h-column__inner h-px-lg-2 h-px-md-2 h-px-2 v-inner-lg-2 v-inner-md-2 v-inner-2 style-1606 style-local-4266-c4 position-relative\">\n              <!---->\n              <!---->\n              <div class=\"w-100 h-y-container h-column__content h-column__v-align flex-basis-100 align-self-lg-start align-self-md-start align-self-start\">\n                <!---->\n                <div data-colibri-id=\"4266-c5\" class=\"style-1607 style-local-4266-c5 position-relative h-element\">\n                  <!---->\n                  <div>\n                    \n                    <p class=\"has-text-align-left\"><strong><em><em>Varje bidrag, stort som<\/em> <em>sm\u00e5tt, g\u00f6r skillnad.<\/em><\/em><\/strong><\/p>\n                    \n\n                    \n                    <p class=\"has-text-align-left\"><em> Tillsammans kan vi se till att<\/em> <em>Ume\u00e5s mest utsatta f\u00e5r den hj\u00e4lp och det st\u00f6d de<\/em> <em>beh\u00f6ver.<\/em>\n                      <br><em> Sk\u00e4nk d\u00e4rf\u00f6r g\u00e4rna ett bidrag till v\u00e5r verksamhet. Detta kan du g\u00f6ra enligt nedan. <\/em><\/p>\n                    \n\n                    \n                    <p>Swish 123 438 22 71<\/p>\n                    \n\n                    \n                    <p>Bankgiro 5601-1877<\/p>\n                    \n\n                    \n                    <p class=\"has-text-align-left\"><\/p>\n                    \n\n                    \n                    <p><\/p>\n                    \n                  <\/div>\n                <\/div>\n                <div data-colibri-id=\"4266-c7\" class=\"d-block style-1609 style-local-4266-c7 position-relative h-element\">\n                  <!---->\n                  <div class=\"h-image__frame-container-outer\">\n                    <div class=\"h-image__frame-container\">\n                      <!---->\n                      <!---->\n                      <img decoding=\"async\" src=\"https:\/\/bakfickanumea.se\/wp-content\/uploads\/2025\/10\/cropped-swish-1-150x150.png\" class=\"style-1609-image style-local-4266-c7-image\">\n                      <div class=\"h-image__frame h-hide-lg h-hide-md h-hide-sm style-1609-frameImage style-local-4266-c7-frameImage\"><\/div>\n                    <\/div>\n                  <\/div>\n                <\/div>\n              <\/div>\n            <\/div>\n          <\/div>\n        <\/div>\n      <\/div>\n    <\/div>\n  <\/div>\n<\/div>","protected":false},"excerpt":{"rendered":"<p>Varje bidrag, stort som sm\u00e5tt, g\u00f6r skillnad. Tillsammans kan vi se till att Ume\u00e5s mest utsatta f\u00e5r den hj\u00e4lp och det st\u00f6d de beh\u00f6ver. Sk\u00e4nk d\u00e4rf\u00f6r g\u00e4rna ett bidrag till v\u00e5r verksamhet. Detta kan du g\u00f6ra enligt nedan. Swish 123 438 22 71 Bankgiro 5601-1877<\/p>\n","protected":false},"author":10,"featured_media":4267,"parent":0,"menu_order":0,"comment_status":"closed","ping_status":"closed","template":"page-templates\/full-width-page.php","meta":{"footnotes":""},"class_list":["post-4266","page","type-page","status-publish","has-post-thumbnail","hentry"],"_links":{"self":[{"href":"https:\/\/bakfickanumea.se\/index.php?rest_route=\/wp\/v2\/pages\/4266","targetHints":{"allow":["GET"]}}],"collection":[{"href":"https:\/\/bakfickanumea.se\/index.php?rest_route=\/wp\/v2\/pages"}],"about":[{"href":"https:\/\/bakfickanumea.se\/index.php?rest_route=\/wp\/v2\/types\/page"}],"author":[{"embeddable":true,"href":"https:\/\/bakfickanumea.se\/index.php?rest_route=\/wp\/v2\/users\/10"}],"replies":[{"embeddable":true,"href":"https:\/\/bakfickanumea.se\/index.php?rest_route=%2Fwp%2Fv2%2Fcomments&post=4266"}],"version-history":[{"count":4,"href":"https:\/\/bakfickanumea.se\/index.php?rest_route=\/wp\/v2\/pages\/4266\/revisions"}],"predecessor-version":[{"id":6865,"href":"https:\/\/bakfickanumea.se\/index.php?rest_route=\/wp\/v2\/pages\/4266\/revisions\/6865"}],"wp:featuredmedia":[{"embeddable":true,"href":"https:\/\/bakfickanumea.se\/index.php?rest_route=\/wp\/v2\/media\/4267"}],"wp:attachment":[{"href":"https:\/\/bakfickanumea.se\/index.php?rest_route=%2Fwp%2Fv2%2Fmedia&parent=4266"}],"curies":[{"name":"wp","href":"https:\/\/api.w.org\/{rel}","templated":true}]}}