{"id":4387,"date":"2024-09-30T16:30:40","date_gmt":"2024-09-30T16:30:40","guid":{"rendered":"https:\/\/bakfickanumea.se\/?page_id=4387"},"modified":"2024-10-02T08:18:31","modified_gmt":"2024-10-02T08:18:31","slug":"protokoll-2023","status":"publish","type":"page","link":"https:\/\/bakfickanumea.se\/?page_id=4387","title":{"rendered":"Protokoll 2023"},"content":{"rendered":"<div data-colibri-id=\"4387-c1\" class=\"style-1407 style-local-4387-c1 position-relative\">\n  <!---->\n  <div data-colibri-component=\"section\" data-colibri-id=\"4387-c2\" id=\"overlappable\" class=\"h-section h-section-global-spacing d-flex align-items-lg-center align-items-md-center align-items-center style-1424 style-local-4387-c2 position-relative\">\n    <!---->\n    <!---->\n    <div class=\"h-section-grid-container h-section-boxed-container\">\n      <!---->\n      <div data-colibri-id=\"4387-c3\" class=\"h-row-container gutters-row-lg-0 gutters-row-md-0 gutters-row-2 gutters-row-v-lg-0 gutters-row-v-md-0 gutters-row-v-2 style-1425 style-local-4387-c3 position-relative\">\n        <!---->\n        <div class=\"h-row justify-content-lg-center justify-content-md-center justify-content-center align-items-lg-stretch align-items-md-stretch align-items-stretch gutters-col-lg-0 gutters-col-md-0 gutters-col-2 gutters-col-v-lg-0 gutters-col-v-md-0 gutters-col-v-2\">\n          <!---->\n          <div class=\"h-column h-column-container d-flex h-col-lg-12 h-col-md-12 h-col-12 style-1426-outer style-local-4387-c4-outer\">\n            <div data-colibri-id=\"4387-c4\" class=\"d-flex h-flex-basis h-column__inner h-px-lg-3 h-px-md-3 h-px-2 v-inner-lg-3 v-inner-md-3 v-inner-2 style-1426 style-local-4387-c4 position-relative\">\n              <!---->\n              <!---->\n              <div class=\"w-100 h-y-container h-column__content h-column__v-align flex-basis-100 align-self-lg-center align-self-md-center align-self-center\">\n                <!---->\n                <div data-colibri-id=\"4387-c5\" class=\"h-global-transition-all h-heading style-1428 style-local-4387-c5 position-relative h-element\">\n                  <!---->\n                  <div class=\"h-heading__outer style-1428 style-local-4387-c5\">\n                    <!---->\n                    <!---->\n                    <a href=\"https:\/\/bakfickanumea.se\/?page_id=4366\" target=\"_blank\" h-use-smooth-scroll=\"true\" rel=\"noopener\">\n                      <h5 class=\"\">Arsmotesprotokoll-2023-02-16&nbsp;<\/h5>\n                    <\/a>\n                  <\/div>\n                <\/div>\n                <div data-colibri-id=\"4387-c6\" class=\"h-global-transition-all h-heading style-1431 style-local-4387-c6 position-relative h-element\">\n                  <!---->\n                  <div class=\"h-heading__outer style-1431 style-local-4387-c6\">\n                    <!---->\n                    <!---->\n                    <a href=\"Arsmotesprotokoll-2023-02-16-\" target=\"_blank\" h-use-smooth-scroll=\"true\" rel=\"noopener\">\n                      <h5 class=\"\">\u00c5RSM\u00d6TESPROTOKOLL&nbsp;2023-06-12<\/h5>\n                    <\/a>\n                  <\/div>\n                <\/div>\n              <\/div>\n            <\/div>\n          <\/div>\n          <div class=\"h-column h-column-container d-flex h-col-lg-12 h-col-md-12 h-col-12 style-1426-outer style-local-4387-c7-outer\">\n            <div data-colibri-id=\"4387-c7\" class=\"d-flex h-flex-basis h-column__inner h-px-lg-3 h-px-md-3 h-px-2 v-inner-lg-3 v-inner-md-3 v-inner-2 style-1426 style-local-4387-c7 position-relative\">\n              <!---->\n              <!---->\n              <div class=\"w-100 h-y-container h-column__content h-column__v-align flex-basis-100 align-self-lg-center align-self-md-center align-self-center\">\n                <!---->\n                <div data-colibri-id=\"4387-c8\" class=\"h-global-transition-all h-heading style-1428 style-local-4387-c8 position-relative h-element\">\n                  <!---->\n                  <div class=\"h-heading__outer style-1428 style-local-4387-c8\">\n                    <!---->\n                    <!---->\n                    <a href=\"https:\/\/bakfickanumea.se\/?page_id=4364\" h-use-smooth-scroll=\"true\">\n                      <h5 class=\"\">STYRELSEM\u00d6TE 2023-06-27<\/h5>\n                    <\/a>\n                  <\/div>\n                <\/div>\n                <div data-colibri-id=\"4387-c9\" class=\"h-global-transition-all h-heading style-1432 style-local-4387-c9 position-relative h-element\">\n                  <!---->\n                  <div class=\"h-heading__outer style-1432 style-local-4387-c9\">\n                    <!---->\n                    <!---->\n                    <a href=\"https:\/\/bakfickanumea.se\/?page_id=4382\" h-use-smooth-scroll=\"true\">\n                      <h5 class=\"\">STYRELESEM\u00d6TE&nbsp;2023-09-12<\/h5>\n                    <\/a>\n                  <\/div>\n                <\/div>\n                <div data-colibri-id=\"4387-c10\" class=\"h-global-transition-all h-heading style-1433 style-local-4387-c10 position-relative h-element\">\n                  <!---->\n                  <div class=\"h-heading__outer style-1433 style-local-4387-c10\">\n                    <!---->\n                    <!---->\n                    <a href=\"https:\/\/bakfickanumea.se\/?page_id=4375\" h-use-smooth-scroll=\"true\">\n                      <h5 class=\"\">STYRELSEM\u00d6TE 2023-11-27<\/h5>\n                    <\/a>\n                  <\/div>\n                <\/div>\n              <\/div>\n            <\/div>\n          <\/div>\n        <\/div>\n      <\/div>\n    <\/div>\n  <\/div>\n<\/div>","protected":false},"excerpt":{"rendered":"<p>Arsmotesprotokoll-2023-02-16&nbsp; \u00c5RSM\u00d6TESPROTOKOLL&nbsp;2023-06-12 STYRELSEM\u00d6TE 2023-06-27 STYRELESEM\u00d6TE&nbsp;2023-09-12 STYRELSEM\u00d6TE 2023-11-27<\/p>\n","protected":false},"author":10,"featured_media":0,"parent":0,"menu_order":0,"comment_status":"closed","ping_status":"closed","template":"page-templates\/full-width-page.php","meta":{"footnotes":""},"class_list":["post-4387","page","type-page","status-publish","hentry"],"_links":{"self":[{"href":"https:\/\/bakfickanumea.se\/index.php?rest_route=\/wp\/v2\/pages\/4387","targetHints":{"allow":["GET"]}}],"collection":[{"href":"https:\/\/bakfickanumea.se\/index.php?rest_route=\/wp\/v2\/pages"}],"about":[{"href":"https:\/\/bakfickanumea.se\/index.php?rest_route=\/wp\/v2\/types\/page"}],"author":[{"embeddable":true,"href":"https:\/\/bakfickanumea.se\/index.php?rest_route=\/wp\/v2\/users\/10"}],"replies":[{"embeddable":true,"href":"https:\/\/bakfickanumea.se\/index.php?rest_route=%2Fwp%2Fv2%2Fcomments&post=4387"}],"version-history":[{"count":9,"href":"https:\/\/bakfickanumea.se\/index.php?rest_route=\/wp\/v2\/pages\/4387\/revisions"}],"predecessor-version":[{"id":4469,"href":"https:\/\/bakfickanumea.se\/index.php?rest_route=\/wp\/v2\/pages\/4387\/revisions\/4469"}],"wp:attachment":[{"href":"https:\/\/bakfickanumea.se\/index.php?rest_route=%2Fwp%2Fv2%2Fmedia&parent=4387"}],"curies":[{"name":"wp","href":"https:\/\/api.w.org\/{rel}","templated":true}]}}