{"id":5054,"date":"2025-01-23T15:34:35","date_gmt":"2025-01-23T15:34:35","guid":{"rendered":"https:\/\/bakfickanumea.se\/?page_id=5054"},"modified":"2025-01-29T19:06:43","modified_gmt":"2025-01-29T19:06:43","slug":"verksamhetsberattelse-2024","status":"publish","type":"page","link":"https:\/\/bakfickanumea.se\/?page_id=5054","title":{"rendered":"Verksamhetsber\u00e4ttelse 2024"},"content":{"rendered":"\n<div data-wp-interactive=\"core\/file\" class=\"wp-block-file\"><object data-wp-bind--hidden=\"!state.hasPdfPreview\" hidden class=\"wp-block-file__embed\" data=\"https:\/\/bakfickanumea.se\/wp-content\/uploads\/2025\/01\/Arsmote-2025-2.pdf\" type=\"application\/pdf\" style=\"width:100%;height:600px\" aria-label=\"Inb\u00e4ddning av \u00c5rsm\u00f6te 2025.\"><\/object><a id=\"wp-block-file--media-1ecf509d-dfcb-4d6d-b3aa-bbbcb8666482\" href=\"https:\/\/bakfickanumea.se\/wp-content\/uploads\/2025\/01\/Arsmote-2025-2.pdf\">\u00c5rsm\u00f6te 2025<\/a><a href=\"https:\/\/bakfickanumea.se\/wp-content\/uploads\/2025\/01\/Arsmote-2025-2.pdf\" class=\"wp-block-file__button wp-element-button\" download aria-describedby=\"wp-block-file--media-1ecf509d-dfcb-4d6d-b3aa-bbbcb8666482\">Ladda ner<\/a><\/div>\n","protected":false},"excerpt":{"rendered":"","protected":false},"author":10,"featured_media":0,"parent":0,"menu_order":0,"comment_status":"closed","ping_status":"closed","template":"","meta":{"footnotes":""},"class_list":["post-5054","page","type-page","status-publish","hentry"],"_links":{"self":[{"href":"https:\/\/bakfickanumea.se\/index.php?rest_route=\/wp\/v2\/pages\/5054","targetHints":{"allow":["GET"]}}],"collection":[{"href":"https:\/\/bakfickanumea.se\/index.php?rest_route=\/wp\/v2\/pages"}],"about":[{"href":"https:\/\/bakfickanumea.se\/index.php?rest_route=\/wp\/v2\/types\/page"}],"author":[{"embeddable":true,"href":"https:\/\/bakfickanumea.se\/index.php?rest_route=\/wp\/v2\/users\/10"}],"replies":[{"embeddable":true,"href":"https:\/\/bakfickanumea.se\/index.php?rest_route=%2Fwp%2Fv2%2Fcomments&post=5054"}],"version-history":[{"count":2,"href":"https:\/\/bakfickanumea.se\/index.php?rest_route=\/wp\/v2\/pages\/5054\/revisions"}],"predecessor-version":[{"id":5127,"href":"https:\/\/bakfickanumea.se\/index.php?rest_route=\/wp\/v2\/pages\/5054\/revisions\/5127"}],"wp:attachment":[{"href":"https:\/\/bakfickanumea.se\/index.php?rest_route=%2Fwp%2Fv2%2Fmedia&parent=5054"}],"curies":[{"name":"wp","href":"https:\/\/api.w.org\/{rel}","templated":true}]}}